{"id":36,"date":"2021-05-28T19:54:16","date_gmt":"2021-05-28T19:54:16","guid":{"rendered":"https:\/\/foto-hobby.pl\/?page_id=36"},"modified":"2022-06-20T21:36:09","modified_gmt":"2022-06-20T21:36:09","slug":"kontakt","status":"publish","type":"page","link":"https:\/\/foto-hobby.pl\/index.php\/kontakt\/","title":{"rendered":"Kontakt&#8230;"},"content":{"rendered":"\n<div class=\"wp-block-group alignfull is-layout-flow wp-block-group-is-layout-flow\"><div class=\"wp-block-group__inner-container\">\n<h3 class=\"wp-block-heading\">Kontakt oraz par\u0119 s\u0142\u00f3w o stronie<\/h3>\n\n\n\n<hr class=\"wp-block-separator has-text-color has-black-color has-css-opacity has-black-background-color has-background is-style-dots\"\/>\n\n\n\n<p class=\"has-vivid-green-cyan-color has-text-color\">20 czerwca 2022<\/p>\n\n\n\n<p>Pomys\u0142 stworzenia tej strony powsta\u0142 niemal 10 lat temu, lecz do powstania pierwszej, sensownej wersji dosz\u0142o dopiero teraz.<br>Podzielony na pi\u0119\u0107 kategorii zbi\u00f3r zdj\u0119\u0107 liczy obecnie ponad 500 prac i jest to ok. jedna trzecia docelowej ilo\u015bci. <br>Musz\u0119 przyzna\u0107, \u017ce wyzwaniem jest samo przejrzenie i wy\u0142owienie, spo\u015br\u00f3d dziesi\u0105tek tysi\u0119cy fotografii, tych nadaj\u0105cych si\u0119 do prezentacji. W zamierzeniu ma si\u0119 tu tak\u017ce pojawi\u0107 dzia\u0142 zdj\u0119\u0107 wykonywanych jeszcze na b\u0142onach. Pewnym problemem jest tak\u017ce utrzymanie sensownego poziomu jako\u015bci obr\u00f3bki: trwa nieustanny rozw\u00f3j i sprz\u0119tu fotograficznego, i oprogramowania pozwalaj\u0105cego wydoby\u0107 ze starszych orygina\u0142\u00f3w zupe\u0142nie nowe motywy.<\/p>\n\n\n\n<p class=\"has-luminous-vivid-amber-color has-text-color\">Chcia\u0142bym w tym miejscu bardzo serdecznie podzi\u0119kowa\u0107 Panu Andrzejowi Hawrylakowi z Lubina, za nieocenion\u0105 pomoc, wsparcie, wskaz\u00f3wki a tak\u017ce umo\u017cliwienie skorzystania z ukry\u0107, dzi\u0119ki kt\u00f3rym mog\u0142em nie tylko wykona\u0107 wiele wyj\u0105tkowych zdj\u0119\u0107, ale przede wszystkim sp\u0119dzi\u0107 niezapomniany czas w jego towarzystwie i ptak\u00f3w. <br>Andrzeju &#8211; to by\u0142y wspania\u0142e chwile. Bardzo Ci za wszystko dzi\u0119kuj\u0119!<\/p>\n\n\n\n<p>A o kolejnych, znacz\u0105cych post\u0119pach w rozwoju strony i pojawiaj\u0105cych si\u0119 nowo\u015bciach, b\u0119dzie mo\u017cna poczyta\u0107 i tutaj, i na blogu.<\/p>\n\n\n\n<div class=\"wp-block-group is-layout-flow wp-block-group-is-layout-flow\"><div class=\"wp-block-group__inner-container\">\n<h6 class=\"has-text-align-right wp-block-heading\"><em><strong>Zbigniew Potocznik<\/strong><\/em><\/h6>\n<\/div><\/div>\n<\/div><\/div>\n\n\n\n<h3 class=\"has-text-align-center wp-block-heading\">Je\u015bli chcesz si\u0119 skontaktowa\u0107 z autorem zdj\u0119\u0107, <br>napisz na adres e-mail: <\/h3>\n\n\n\n<h3 class=\"has-text-align-center wp-block-heading\"><mark style=\"background-color:rgba(0, 0, 0, 0)\" class=\"has-inline-color has-luminous-vivid-amber-color\">admin1 (at) foto-hobby.pl<\/mark><\/h3>\n\n\n\n<p class=\"has-text-align-center\" style=\"font-size:80px\">\ud83d\udcef<\/p>\n","protected":false},"excerpt":{"rendered":"<p>Kontakt oraz par\u0119 s\u0142\u00f3w o stronie 20 czerwca 2022 Pomys\u0142 stworzenia tej strony powsta\u0142 niemal 10 lat temu, lecz do powstania pierwszej, sensownej wersji dosz\u0142o dopiero teraz.Podzielony na pi\u0119\u0107 kategorii zbi\u00f3r zdj\u0119\u0107 liczy obecnie ponad 500 prac i jest to ok. jedna trzecia docelowej ilo\u015bci. Musz\u0119 przyzna\u0107, \u017ce wyzwaniem jest samo przejrzenie i wy\u0142owienie, spo\u015br\u00f3d [&hellip;]<\/p>\n","protected":false},"author":1,"featured_media":0,"parent":0,"menu_order":0,"comment_status":"closed","ping_status":"closed","template":"","meta":{"site-sidebar-layout":"no-sidebar","site-content-layout":"default","ast-site-content-layout":"default","site-content-style":"default","site-sidebar-style":"default","ast-global-header-display":"","ast-banner-title-visibility":"","ast-main-header-display":"","ast-hfb-above-header-display":"","ast-hfb-below-header-display":"","ast-hfb-mobile-header-display":"","site-post-title":"disabled","ast-breadcrumbs-content":"","ast-featured-img":"","footer-sml-layout":"","ast-disable-related-posts":"","theme-transparent-header-meta":"default","adv-header-id-meta":"","stick-header-meta":"default","header-above-stick-meta":"","header-main-stick-meta":"","header-below-stick-meta":"","astra-migrate-meta-layouts":"default","ast-page-background-enabled":"default","ast-page-background-meta":{"desktop":{"background-color":"","background-image":"","background-repeat":"repeat","background-position":"center center","background-size":"auto","background-attachment":"scroll","background-type":"","background-media":"","overlay-type":"","overlay-color":"","overlay-opacity":"","overlay-gradient":""},"tablet":{"background-color":"","background-image":"","background-repeat":"repeat","background-position":"center center","background-size":"auto","background-attachment":"scroll","background-type":"","background-media":"","overlay-type":"","overlay-color":"","overlay-opacity":"","overlay-gradient":""},"mobile":{"background-color":"","background-image":"","background-repeat":"repeat","background-position":"center center","background-size":"auto","background-attachment":"scroll","background-type":"","background-media":"","overlay-type":"","overlay-color":"","overlay-opacity":"","overlay-gradient":""}},"ast-content-background-meta":{"desktop":{"background-color":"var(--ast-global-color-5)","background-image":"","background-repeat":"repeat","background-position":"center center","background-size":"auto","background-attachment":"scroll","background-type":"","background-media":"","overlay-type":"","overlay-color":"","overlay-opacity":"","overlay-gradient":""},"tablet":{"background-color":"var(--ast-global-color-5)","background-image":"","background-repeat":"repeat","background-position":"center center","background-size":"auto","background-attachment":"scroll","background-type":"","background-media":"","overlay-type":"","overlay-color":"","overlay-opacity":"","overlay-gradient":""},"mobile":{"background-color":"var(--ast-global-color-5)","background-image":"","background-repeat":"repeat","background-position":"center center","background-size":"auto","background-attachment":"scroll","background-type":"","background-media":"","overlay-type":"","overlay-color":"","overlay-opacity":"","overlay-gradient":""}},"footnotes":""},"class_list":["post-36","page","type-page","status-publish","hentry"],"_links":{"self":[{"href":"https:\/\/foto-hobby.pl\/index.php\/wp-json\/wp\/v2\/pages\/36","targetHints":{"allow":["GET"]}}],"collection":[{"href":"https:\/\/foto-hobby.pl\/index.php\/wp-json\/wp\/v2\/pages"}],"about":[{"href":"https:\/\/foto-hobby.pl\/index.php\/wp-json\/wp\/v2\/types\/page"}],"author":[{"embeddable":true,"href":"https:\/\/foto-hobby.pl\/index.php\/wp-json\/wp\/v2\/users\/1"}],"replies":[{"embeddable":true,"href":"https:\/\/foto-hobby.pl\/index.php\/wp-json\/wp\/v2\/comments?post=36"}],"version-history":[{"count":32,"href":"https:\/\/foto-hobby.pl\/index.php\/wp-json\/wp\/v2\/pages\/36\/revisions"}],"predecessor-version":[{"id":1968,"href":"https:\/\/foto-hobby.pl\/index.php\/wp-json\/wp\/v2\/pages\/36\/revisions\/1968"}],"wp:attachment":[{"href":"https:\/\/foto-hobby.pl\/index.php\/wp-json\/wp\/v2\/media?parent=36"}],"curies":[{"name":"wp","href":"https:\/\/api.w.org\/{rel}","templated":true}]}}